{"id":814,"date":"2021-10-13T14:14:43","date_gmt":"2021-10-13T14:14:43","guid":{"rendered":"http:\/\/casadascortinassinop.com.br\/?page_id=814"},"modified":"2023-07-17T21:12:03","modified_gmt":"2023-07-17T21:12:03","slug":"quaker-decor","status":"publish","type":"page","link":"https:\/\/casadascortinassinop.com.br\/index.php\/quaker-decor\/","title":{"rendered":"Quaker Decor"},"content":{"rendered":"\n<p><strong>Conhe\u00e7a um pouco mais sobre as cole\u00e7\u00f5es de produtos Quaker Decor<\/strong><\/p>\n\n\n\n<p><em>Surpreenda-se com as linhas de tecidos, almofadas, pap\u00e9is de parede e tapetes.<\/em><\/p>\n\n\n\n<p>Clique abaixo na logo e conhe\u00e7a os produtor Quaker que a Casa das Cortinas disp\u00f5e, s\u00e3o mais de 1.000 tecidos a sua disposi\u00e7\u00e3o<\/p>\n\n\n<div class=\"wp-block-image\">\n<figure class=\"aligncenter size-full\"><a href=\"https:\/\/www.google.com\/url?sa=i&amp;url=https%3A%2F%2Fquakerdecor.com.br%2F&amp;psig=AOvVaw3uQQ4pSNeQpL8oeJOLo1Ec&amp;ust=1689714646300000&amp;source=images&amp;cd=vfe&amp;opi=89978449&amp;ved=0CBEQjRxqFwoTCNDLht3TloADFQAAAAAdAAAAABAE\"><img loading=\"lazy\" decoding=\"async\" width=\"1024\" height=\"768\" src=\"https:\/\/casadascortinassinop.com.br\/wp-content\/uploads\/2023\/07\/logo-quaker-decor-1.jpg.webp\" alt=\"\" class=\"wp-image-896\" srcset=\"https:\/\/casadascortinassinop.com.br\/wp-content\/uploads\/2023\/07\/logo-quaker-decor-1.jpg.webp 1024w, https:\/\/casadascortinassinop.com.br\/wp-content\/uploads\/2023\/07\/logo-quaker-decor-1.jpg-300x225.webp 300w, https:\/\/casadascortinassinop.com.br\/wp-content\/uploads\/2023\/07\/logo-quaker-decor-1.jpg-768x576.webp 768w\" sizes=\"auto, (max-width: 1024px) 100vw, 1024px\" \/><\/a><\/figure><\/div>\n\n\n<p><\/p>\n","protected":false},"excerpt":{"rendered":"<p>Conhe\u00e7a um pouco mais sobre as cole\u00e7\u00f5es de produtos Quaker Decor Surpreenda-se com as linhas de tecidos, almofadas, pap\u00e9is de parede e tapetes. Clique abaixo na logo e conhe\u00e7a os produtor Quaker que a Casa das Cortinas disp\u00f5e, s\u00e3o mais de 1.000 tecidos a sua disposi\u00e7\u00e3o<\/p>\n","protected":false},"author":2,"featured_media":0,"parent":0,"menu_order":0,"comment_status":"closed","ping_status":"closed","template":"","meta":{"footnotes":""},"class_list":["post-814","page","type-page","status-publish","hentry"],"_links":{"self":[{"href":"https:\/\/casadascortinassinop.com.br\/index.php\/wp-json\/wp\/v2\/pages\/814","targetHints":{"allow":["GET"]}}],"collection":[{"href":"https:\/\/casadascortinassinop.com.br\/index.php\/wp-json\/wp\/v2\/pages"}],"about":[{"href":"https:\/\/casadascortinassinop.com.br\/index.php\/wp-json\/wp\/v2\/types\/page"}],"author":[{"embeddable":true,"href":"https:\/\/casadascortinassinop.com.br\/index.php\/wp-json\/wp\/v2\/users\/2"}],"replies":[{"embeddable":true,"href":"https:\/\/casadascortinassinop.com.br\/index.php\/wp-json\/wp\/v2\/comments?post=814"}],"version-history":[{"count":4,"href":"https:\/\/casadascortinassinop.com.br\/index.php\/wp-json\/wp\/v2\/pages\/814\/revisions"}],"predecessor-version":[{"id":898,"href":"https:\/\/casadascortinassinop.com.br\/index.php\/wp-json\/wp\/v2\/pages\/814\/revisions\/898"}],"wp:attachment":[{"href":"https:\/\/casadascortinassinop.com.br\/index.php\/wp-json\/wp\/v2\/media?parent=814"}],"curies":[{"name":"wp","href":"https:\/\/api.w.org\/{rel}","templated":true}]}}