{"id":626,"date":"2019-09-21T13:50:35","date_gmt":"2019-09-21T13:50:35","guid":{"rendered":"http:\/\/casadascortinassinop.com.br\/?page_id=626"},"modified":"2024-08-08T00:39:32","modified_gmt":"2024-08-08T00:39:32","slug":"sobre-nos","status":"publish","type":"page","link":"https:\/\/casadascortinassinop.com.br\/","title":{"rendered":"Sobre n\u00f3s"},"content":{"rendered":"\n<p><strong>Fabrica\u00e7\u00e3o de Estofados<\/strong><\/p>\n\n\n\n<p>Desde 2003, atua com experi\u00eancia no mercado de cortinas, persianas, pap\u00e9is de parede e estofados . Sempre se preocupando em oferecer estilos diferenciados criados e fabricados pela nossa equipe a qual est\u00e1 sempre se atualizando nas melhores feiras do Brasil e no mundo\u2026 para decorar com muito conforto e arte o melhor lugar de seus sonhos: SUA CASA.<\/p>\n\n\n\n<p><\/p>\n\n\n\n<p><strong>Reforma de estofados<\/strong><\/p>\n\n\n\n<p><\/p>\n\n\n\n<p>Somos uma empresa especializada na reforma de m\u00f3veis residenciais (sof\u00e1, pufe, poltrona, berger e estofados em geral). Trabalhamos tamb\u00e9m com reformas comercias, tais como: cadeiras e estofados de escrit\u00f3rio, bares e restaurantes. Al\u00e9m da fabrica\u00e7\u00e3o de estofados sob medida.<\/p>\n\n\n\n<p><strong>Fabrica\u00e7\u00e3o de cortinas<\/strong><\/p>\n\n\n\n<p>Confeccionamos <strong>qualquer modelo<\/strong> de cortina. Caso sua cortina seja inovadora, n\u00f3s a tornamos realidade. Entre em contato com um de nossos consultores. Al\u00e9m disso, possu\u00edmos uma vasta cole\u00e7\u00e3o de luxuosos acess\u00f3rios compostos por materiais de alta qualidade. Com destaque para as linhas de ponteiras e pingentes.<\/p>\n\n\n\n<p><\/p>\n\n\n\n<p><strong>Manuten\u00e7\u00e3o de persianas<\/strong><\/p>\n\n\n\n<p>A manuten\u00e7\u00e3o \u00e9 feita atrav\u00e9s de m\u00e9todos, equipamentos especiais de forma a n\u00e3o danificar as persianas no que refere-se \u00e0 pintura, textura, formato e impermeabiliza\u00e7\u00e3o. Al\u00e9m da manuten\u00e7\u00e3o em acess\u00f3rios, cadar\u00e7os, giro, freio, cordas, bast\u00e3o, pingente entre outros.<\/p>\n\n\n\n<p><strong>Persianas Sob Medida<\/strong><\/p>\n\n\n\n<p>As persianas destacam as janelas de maneira elegante e discreta. Atualmente, s\u00e3o bastante requisitadas por serem f\u00e1ceis de limpar e servem de op\u00e7\u00e3o para pessoas al\u00e9rgicas, por n\u00e3o acumularem poeira. Outra vantagem \u00e9 o controle da luz natural dos raios solares. Al\u00e9m disso, tamb\u00e9m integram o espa\u00e7o externo com o interno, valorizando a vista da sua janela e mantendo sua privacidade. Os modelos oferecidos por n\u00f3s s\u00e3o: Duette, Pirouette, Luminetti, Shilhouette, Vignette, Duette Vertiglide, Parametre, Painel, Skyline, Softcell, Soft Roman, Ultimate Screen, Horizontal, Romana, Rol\u00f4, Country Woods, Ultimate Screen, al\u00e9m de toda linha de toldos Stobag. Para facilitar a escolha, conte com a ajuda de um de nossos atendentes e decoradores, para visualizar algumas persianas que revendemos, visite o site da Hunter Douglas.<\/p>\n\n\n\n<figure class=\"wp-block-embed is-type-wp-embed is-provider-hunterdouglas wp-block-embed-hunterdouglas\"><div class=\"wp-block-embed__wrapper\">\n<blockquote class=\"wp-embedded-content\" data-secret=\"0JcLi5UPhx\"><a href=\"https:\/\/www.hunterdouglas.com.br\/\">Home<\/a><\/blockquote><iframe loading=\"lazy\" class=\"wp-embedded-content\" sandbox=\"allow-scripts\" security=\"restricted\" style=\"position: absolute; visibility: hidden;\" title=\"&#8220;Home&#8221; &#8212; HunterDouglas\" src=\"https:\/\/www.hunterdouglas.com.br\/embed\/#?secret=qBy0gcPFfF#?secret=0JcLi5UPhx\" data-secret=\"0JcLi5UPhx\" width=\"600\" height=\"338\" frameborder=\"0\" marginwidth=\"0\" marginheight=\"0\" scrolling=\"no\"><\/iframe>\n<\/div><\/figure>\n\n\n\n<p><strong>Pap\u00e9is de parede<\/strong><\/p>\n\n\n\n<p>A empresa oferece cole\u00e7\u00f5es exclusivas e uma infinidade de modelos especiais para resid\u00eancias e \u00e1reas corporativas. Representante de importantes marcas internacionais. Al\u00e9m de atender clientes, arquitetos e decoradores em nossa loja; damos todo o suporte desde o projeto at\u00e9 mesmo a p\u00f3s instala\u00e7\u00e3o.<\/p>\n\n\n\n<p><\/p>\n\n\n\n<figure class=\"wp-block-gallery has-nested-images columns-default is-cropped wp-block-gallery-1 is-layout-flex wp-block-gallery-is-layout-flex\"><\/figure>\n","protected":false},"excerpt":{"rendered":"<p>Fabrica\u00e7\u00e3o de Estofados Desde 2003, atua com experi\u00eancia no mercado de cortinas, persianas, pap\u00e9is de parede e estofados . Sempre se preocupando em oferecer estilos diferenciados criados e fabricados pela nossa equipe a qual est\u00e1 sempre se atualizando nas melhores feiras do Brasil e no mundo\u2026 para decorar com muito conforto e arte o melhor lugar de seus sonhos: SUA CASA. Reforma de estofados Somos uma empresa especializada na reforma de m\u00f3veis residenciais (sof\u00e1, pufe, poltrona, berger e estofados em geral). Trabalhamos tamb\u00e9m com reformas comercias, tais como: cadeiras e estofados de escrit\u00f3rio, bares e restaurantes. Al\u00e9m da fabrica\u00e7\u00e3o de estofados sob medida. Fabrica\u00e7\u00e3o de cortinas Confeccionamos qualquer modelo de cortina. Caso sua cortina seja inovadora, n\u00f3s a tornamos realidade. Entre em contato com um de nossos consultores. Al\u00e9m disso, possu\u00edmos uma vasta cole\u00e7\u00e3o de luxuosos acess\u00f3rios compostos por materiais de alta qualidade. Com destaque para as linhas de ponteiras e pingentes. Manuten\u00e7\u00e3o de persianas A manuten\u00e7\u00e3o \u00e9 feita atrav\u00e9s de m\u00e9todos, equipamentos especiais de forma a n\u00e3o danificar as persianas no que refere-se \u00e0 pintura, textura, formato e impermeabiliza\u00e7\u00e3o. Al\u00e9m da manuten\u00e7\u00e3o em acess\u00f3rios, cadar\u00e7os, giro, freio, cordas, bast\u00e3o, pingente entre outros. Persianas Sob Medida As persianas destacam as janelas de maneira elegante e discreta. Atualmente, s\u00e3o bastante requisitadas por serem f\u00e1ceis de limpar e servem de op\u00e7\u00e3o para pessoas al\u00e9rgicas, por n\u00e3o acumularem poeira. Outra vantagem \u00e9 o controle da luz natural dos raios solares. Al\u00e9m disso, tamb\u00e9m integram o espa\u00e7o externo com o interno, valorizando a vista da sua janela e mantendo sua privacidade. Os modelos oferecidos por n\u00f3s s\u00e3o: Duette, Pirouette, Luminetti, Shilhouette, Vignette, Duette Vertiglide, Parametre, Painel, Skyline, Softcell, Soft Roman, Ultimate Screen, Horizontal, Romana, Rol\u00f4, Country Woods, Ultimate Screen, al\u00e9m de toda linha de toldos Stobag. Para facilitar a escolha, conte com a ajuda de um de nossos atendentes e decoradores, para visualizar algumas persianas que revendemos, visite o site da Hunter Douglas. Pap\u00e9is de parede A empresa oferece cole\u00e7\u00f5es exclusivas e uma infinidade de modelos especiais para resid\u00eancias e \u00e1reas corporativas. Representante de importantes marcas internacionais. Al\u00e9m de atender clientes, arquitetos e decoradores em nossa loja; damos todo o suporte desde o projeto at\u00e9 mesmo a p\u00f3s instala\u00e7\u00e3o.<\/p>\n","protected":false},"author":3,"featured_media":0,"parent":0,"menu_order":0,"comment_status":"closed","ping_status":"closed","template":"","meta":{"footnotes":""},"class_list":["post-626","page","type-page","status-publish","hentry"],"_links":{"self":[{"href":"https:\/\/casadascortinassinop.com.br\/index.php\/wp-json\/wp\/v2\/pages\/626","targetHints":{"allow":["GET"]}}],"collection":[{"href":"https:\/\/casadascortinassinop.com.br\/index.php\/wp-json\/wp\/v2\/pages"}],"about":[{"href":"https:\/\/casadascortinassinop.com.br\/index.php\/wp-json\/wp\/v2\/types\/page"}],"author":[{"embeddable":true,"href":"https:\/\/casadascortinassinop.com.br\/index.php\/wp-json\/wp\/v2\/users\/3"}],"replies":[{"embeddable":true,"href":"https:\/\/casadascortinassinop.com.br\/index.php\/wp-json\/wp\/v2\/comments?post=626"}],"version-history":[{"count":13,"href":"https:\/\/casadascortinassinop.com.br\/index.php\/wp-json\/wp\/v2\/pages\/626\/revisions"}],"predecessor-version":[{"id":900,"href":"https:\/\/casadascortinassinop.com.br\/index.php\/wp-json\/wp\/v2\/pages\/626\/revisions\/900"}],"wp:attachment":[{"href":"https:\/\/casadascortinassinop.com.br\/index.php\/wp-json\/wp\/v2\/media?parent=626"}],"curies":[{"name":"wp","href":"https:\/\/api.w.org\/{rel}","templated":true}]}}