{"id":6,"date":"2016-10-18T19:35:20","date_gmt":"2016-10-18T19:35:20","guid":{"rendered":"http:\/\/casadascortinassinop.com.br\/?page_id=6"},"modified":"2024-09-25T14:55:57","modified_gmt":"2024-09-25T14:55:57","slug":"hunter-douglas","status":"publish","type":"page","link":"https:\/\/casadascortinassinop.com.br\/index.php\/hunter-douglas\/","title":{"rendered":"Hunter Douglas"},"content":{"rendered":"<h2 class=\"titulo wow fadeInDown animated\"><img loading=\"lazy\" decoding=\"async\" class=\"wp-image-350 aligncenter\" src=\"https:\/\/casadascortinassinop.com.br\/wp-content\/uploads\/2016\/10\/7cores-300x120.png\" alt=\"\" width=\"563\" height=\"225\" srcset=\"https:\/\/casadascortinassinop.com.br\/wp-content\/uploads\/2016\/10\/7cores-300x120.png 300w, https:\/\/casadascortinassinop.com.br\/wp-content\/uploads\/2016\/10\/7cores-768x308.png 768w, https:\/\/casadascortinassinop.com.br\/wp-content\/uploads\/2016\/10\/7cores-830x333.png 830w, https:\/\/casadascortinassinop.com.br\/wp-content\/uploads\/2016\/10\/7cores-230x92.png 230w, https:\/\/casadascortinassinop.com.br\/wp-content\/uploads\/2016\/10\/7cores-350x140.png 350w, https:\/\/casadascortinassinop.com.br\/wp-content\/uploads\/2016\/10\/7cores-480x192.png 480w, https:\/\/casadascortinassinop.com.br\/wp-content\/uploads\/2016\/10\/7cores.png 843w\" sizes=\"auto, (max-width: 563px) 100vw, 563px\" \/><\/h2>\n<h2><\/h2>\n<h2><\/h2>\n<h2><\/h2>\n<h2><\/h2>\n<h2 class=\"titulo wow fadeInDown animated\" style=\"text-align: center;\">CORTINAS INTELIGENTES QUE SIMPLIFICAM A SUA VIDA<\/h2>\n<div class=\"wow fadeIn animated\" data-wow-delay=\"500ms\">\n<div class=\"texto textcenter\">\n<div>Imagine se as suas cortinas pudessem ler sua mente e ajustar-se automaticamente pela manh\u00e3, tarde ou noite, antecipando cada momento do seu dia.<\/div>\n<div>Essa \u00e9 a beleza da Motoriza\u00e7\u00e3o PowerView\u00ae\u00a0\u2013 ganhadora da Red Dot Design 2016, a mais cobi\u00e7ada e prestigiada premia\u00e7\u00e3o no mundo do design.\u00a0Um desenvolvimento revolucion\u00e1rio no mundo da decora\u00e7\u00e3o de janela, o PowerView\u00ae \u00e9 o novo sistema sem fio, que controla todas as cortinas da casa atrav\u00e9s de Celular, Tablet ou Controle Remoto.<\/div>\n<div>Um novo controle remoto com design inovador, um objeto que se integra \u00e0 decora\u00e7\u00e3o do seu ambiente, dispon\u00edvel em 7 cores modernas.<\/div>\n<div>Com a Motoriza\u00e7\u00e3o PowerView\u00ae a decora\u00e7\u00e3o da sua janela se torna uma parte essencial da sua vida, desde o momento de se levantar at\u00e9 o de se deitar.<\/div>\n<div><\/div>\n<\/div>\n<\/div>\n<div><img loading=\"lazy\" decoding=\"async\" class=\"aligncenter size-medium wp-image-647\" src=\"https:\/\/casadascortinassinop.com.br\/wp-content\/uploads\/2019\/09\/55-300x135.jpg\" alt=\"\" width=\"300\" height=\"135\" srcset=\"https:\/\/casadascortinassinop.com.br\/wp-content\/uploads\/2019\/09\/55-300x135.jpg 300w, https:\/\/casadascortinassinop.com.br\/wp-content\/uploads\/2019\/09\/55-768x347.jpg 768w, https:\/\/casadascortinassinop.com.br\/wp-content\/uploads\/2019\/09\/55-1024x462.jpg 1024w, https:\/\/casadascortinassinop.com.br\/wp-content\/uploads\/2019\/09\/55-1040x469.jpg 1040w, https:\/\/casadascortinassinop.com.br\/wp-content\/uploads\/2019\/09\/55-525x237.jpg 525w, https:\/\/casadascortinassinop.com.br\/wp-content\/uploads\/2019\/09\/55.jpg 1440w\" sizes=\"auto, (max-width: 300px) 100vw, 300px\" \/><\/div>\n<p>A <strong>Casa das cortinas<\/strong> em parceria com a <strong>Hunter Douglas<\/strong>, traz para Sinop- MT, o melhor em persianas, toldos e cortinas, somos revenda credenciada do grupo Hunter Douglas.<\/p>\n<p>O Grupo Hunter Douglas \u00e9 uma\u00a0multinacional holandesa,\u00a0sediada na cidade de Rotterdam \u2013 fundada por Henry Sonnenberg, h\u00e1 mais\u00a0 de 90 anos.<\/p>\n<p>Atualmente \u00e9 composta por mais de 170 empresas com 16.500 funcion\u00e1rios. \u00c9 l\u00edder mundial em decora\u00e7\u00e3o de janelas e \u00a0produtos arquitet\u00f4nicos.<\/p>\n<p>A Hunter Douglas iniciou sua opera\u00e7\u00e3o de cortinas, persianas e toldos no Brasil em 1991. Desde ent\u00e3o vem conquistando os clientes mais exigentes, que buscam design, modernidade, eleg\u00e2ncia e qualidade superior em seus projetos de decora\u00e7\u00e3o.<\/p>\n<p><img loading=\"lazy\" decoding=\"async\" class=\"size-medium wp-image-69 aligncenter\" src=\"https:\/\/casadascortinassinop.com.br\/wp-content\/uploads\/2016\/10\/det_Silhouette-a-300x208.jpg\" alt=\"det_silhouette-a\" width=\"300\" height=\"208\" srcset=\"https:\/\/casadascortinassinop.com.br\/wp-content\/uploads\/2016\/10\/det_Silhouette-a-300x208.jpg 300w, https:\/\/casadascortinassinop.com.br\/wp-content\/uploads\/2016\/10\/det_Silhouette-a-230x160.jpg 230w, https:\/\/casadascortinassinop.com.br\/wp-content\/uploads\/2016\/10\/det_Silhouette-a-350x243.jpg 350w, https:\/\/casadascortinassinop.com.br\/wp-content\/uploads\/2016\/10\/det_Silhouette-a-480x334.jpg 480w, https:\/\/casadascortinassinop.com.br\/wp-content\/uploads\/2016\/10\/det_Silhouette-a.jpg 531w\" sizes=\"auto, (max-width: 300px) 100vw, 300px\" \/><\/p>\n<p style=\"text-align: center;\">Acesse sugest\u00f5es tocando na logo Hunter Douglas<\/p>\n<p><a href=\"https:\/\/www.hunterdouglas.com.br\/galeria\/\"><img loading=\"lazy\" decoding=\"async\" class=\"size-full wp-image-7 aligncenter\" src=\"https:\/\/casadascortinassinop.com.br\/wp-content\/uploads\/2016\/10\/shd_pagina_inicio_logo_pagina_inicio_logo_8.png\" alt=\"shd_pagina_inicio_logo_pagina_inicio_logo_8\" width=\"279\" height=\"120\" srcset=\"https:\/\/casadascortinassinop.com.br\/wp-content\/uploads\/2016\/10\/shd_pagina_inicio_logo_pagina_inicio_logo_8.png 279w, https:\/\/casadascortinassinop.com.br\/wp-content\/uploads\/2016\/10\/shd_pagina_inicio_logo_pagina_inicio_logo_8-230x99.png 230w\" sizes=\"auto, (max-width: 279px) 100vw, 279px\" \/><\/a><\/p>\n","protected":false},"excerpt":{"rendered":"<p>CORTINAS INTELIGENTES QUE SIMPLIFICAM A SUA VIDA Imagine se as suas cortinas pudessem ler sua mente e ajustar-se automaticamente pela manh\u00e3, tarde ou noite, antecipando cada momento do seu dia. Essa \u00e9 a beleza da Motoriza\u00e7\u00e3o PowerView\u00ae\u00a0\u2013 ganhadora da Red Dot Design 2016, a mais cobi\u00e7ada e prestigiada premia\u00e7\u00e3o no mundo do design.\u00a0Um desenvolvimento revolucion\u00e1rio no mundo da decora\u00e7\u00e3o de janela, o PowerView\u00ae \u00e9 o novo sistema sem fio, que controla todas as cortinas da casa atrav\u00e9s de Celular, Tablet ou Controle Remoto. Um novo controle remoto com design inovador, um objeto que se integra \u00e0 decora\u00e7\u00e3o do seu ambiente, dispon\u00edvel em 7 cores modernas. Com a Motoriza\u00e7\u00e3o PowerView\u00ae a decora\u00e7\u00e3o da sua janela se torna uma parte essencial da sua vida, desde o momento de se levantar at\u00e9 o de se deitar. A Casa das cortinas em parceria com a Hunter Douglas, traz para Sinop- MT, o melhor em persianas, toldos e cortinas, somos revenda credenciada do grupo Hunter Douglas. O Grupo Hunter Douglas \u00e9 uma\u00a0multinacional holandesa,\u00a0sediada na cidade de Rotterdam \u2013 fundada por Henry Sonnenberg, h\u00e1 mais\u00a0 de 90 anos. Atualmente \u00e9 composta por mais de 170 empresas com 16.500 funcion\u00e1rios. \u00c9 l\u00edder mundial em decora\u00e7\u00e3o de janelas e \u00a0produtos arquitet\u00f4nicos. A Hunter Douglas iniciou sua opera\u00e7\u00e3o de cortinas, persianas e toldos no Brasil em 1991. Desde ent\u00e3o vem conquistando os clientes mais exigentes, que buscam design, modernidade, eleg\u00e2ncia e qualidade superior em seus projetos de decora\u00e7\u00e3o. Acesse sugest\u00f5es tocando na logo Hunter Douglas<\/p>\n","protected":false},"author":2,"featured_media":0,"parent":0,"menu_order":0,"comment_status":"closed","ping_status":"closed","template":"","meta":{"footnotes":""},"class_list":["post-6","page","type-page","status-publish","hentry"],"_links":{"self":[{"href":"https:\/\/casadascortinassinop.com.br\/index.php\/wp-json\/wp\/v2\/pages\/6","targetHints":{"allow":["GET"]}}],"collection":[{"href":"https:\/\/casadascortinassinop.com.br\/index.php\/wp-json\/wp\/v2\/pages"}],"about":[{"href":"https:\/\/casadascortinassinop.com.br\/index.php\/wp-json\/wp\/v2\/types\/page"}],"author":[{"embeddable":true,"href":"https:\/\/casadascortinassinop.com.br\/index.php\/wp-json\/wp\/v2\/users\/2"}],"replies":[{"embeddable":true,"href":"https:\/\/casadascortinassinop.com.br\/index.php\/wp-json\/wp\/v2\/comments?post=6"}],"version-history":[{"count":21,"href":"https:\/\/casadascortinassinop.com.br\/index.php\/wp-json\/wp\/v2\/pages\/6\/revisions"}],"predecessor-version":[{"id":901,"href":"https:\/\/casadascortinassinop.com.br\/index.php\/wp-json\/wp\/v2\/pages\/6\/revisions\/901"}],"wp:attachment":[{"href":"https:\/\/casadascortinassinop.com.br\/index.php\/wp-json\/wp\/v2\/media?parent=6"}],"curies":[{"name":"wp","href":"https:\/\/api.w.org\/{rel}","templated":true}]}}